{"id":874,"date":"2021-03-09T13:57:46","date_gmt":"2021-03-09T11:57:46","guid":{"rendered":"https:\/\/www.jimdo.com/fr/blog\/?page_id=874"},"modified":"2021-03-24T12:22:30","modified_gmt":"2021-03-24T11:22:30","slug":"notre-mission","status":"publish","type":"page","link":"https:\/\/www.jimdo.com/fr/blog\/notre-mission\/","title":{"rendered":"Notre mission"},"content":{"rendered":"<p>Nous sommes votre  \u00e9quipe.<\/p>\n<p>Vous \u00eates ind\u00e9pendant, mais pas seul pour autant. Jimdo vous accompagne \u00e0 chaque \u00e9tape. Pourquoi&nbsp;? Parce que les g\u00e9rants de petites entreprises comme vous sont nos h\u00e9ros. Et nous voulons vous aider \u00e0 lib\u00e9rer tout votre potentiel \u00e0 l\u2019\u00e8re du num\u00e9rique.<\/p>\n<p>Quand Julian, un chapelier de Zurich, a \u00e9t\u00e9 contraint de fermer sa boutique au d\u00e9but de la pand\u00e9mie, il s\u2019inqui\u00e9tait surtout pour ses employ\u00e9s,<\/p>\n<p>quand Claas, un charpentier de Br\u00eame, a invit\u00e9 ses clients \u00e0 suivre la cr\u00e9ation de leurs meubles en direct, une id\u00e9e in\u00e9dite,<\/p>\n<p>quand Jennifer, coach de fitness, a mis au point des cours en ligne pour jeunes mamans en moins de 24 heures,<\/p>\n<p>nous \u00e9tions extr\u00eamement fiers.<\/p>\n<p>Pourquoi&nbsp;? Parce que c\u2019est pr\u00e9cis\u00e9ment pour des freelances et des petits entrepreneurs, comme Julian, Claas et Jennifer, que nous travaillons. Nous sommes fiers de vous, qui portez vos propres projets entrepreneuriaux.<\/p>\n<figure>\n\t\t\t\t\t\t\t\t\t\t<img data-recalc-dims=\"1\" decoding=\"async\" width=\"600\" height=\"800\" src=\"https:\/\/i0.wp.com\/www.jimdo.com/fr/blog\/wp-content\/uploads\/2021\/03\/about_us_portrait_1.jpg?resize=600%2C800&#038;ssl=1\" alt=\"\" loading=\"lazy\"><figcaption>Julian, <a target=\"_blank\" href=\"https:\/\/www.stroh-art.ch\" rel=\"noopener\">stroh-art.ch<\/a><\/figcaption><\/figure>\n<figure>\n\t\t\t\t\t\t\t\t\t\t<img data-recalc-dims=\"1\" decoding=\"async\" width=\"600\" height=\"800\" src=\"https:\/\/i0.wp.com\/www.jimdo.com/fr/blog\/wp-content\/uploads\/2021\/03\/about_us_portrait_2.jpg?resize=600%2C800&#038;ssl=1\" alt=\"\" loading=\"lazy\"><figcaption>Claas, <a target=\"_blank\" href=\"https:\/\/www.wood-you-love.de\" rel=\"noopener\">wood-you-love.de<\/a><\/figcaption><\/figure>\n<figure>\n\t\t\t\t\t\t\t\t\t\t<img data-recalc-dims=\"1\" decoding=\"async\" width=\"600\" height=\"800\" src=\"https:\/\/i0.wp.com\/www.jimdo.com/fr/blog\/wp-content\/uploads\/2021\/03\/about_us_portrait_3.jpg?resize=600%2C800&#038;ssl=1\" alt=\"\" loading=\"lazy\"><figcaption>Jennifer, <a target=\"_blank\" href=\"https:\/\/www.womenletics.de\" rel=\"noopener\">womenletics.de<\/a><\/figcaption><\/figure>\n<p>Nous sommes Jimdo.&nbsp;<br \/>\nEt pour nous, les ind\u00e9pendants comme vous sont le moteur de notre \u00e9conomie.<br \/>\nVous donnez vie \u00e0 nos rues, quartiers, villages et villes.<br \/>\nVous pensez et travaillez au niveau local.<br \/>\nVous montrez des valeurs que l\u2019on retrouve rarement chez les grandes entreprises&nbsp;:<br \/>\nl\u2019humanit\u00e9, le sens des responsabilit\u00e9s, la capacit\u00e9 \u00e0 voir autre chose que les b\u00e9n\u00e9fices.<\/p>\n<p>Et nous&nbsp;?&nbsp;<br \/>\nNous faisons tout notre possible pour consolider votre avantage concurrentiel et aider votre entreprise \u00e0 prosp\u00e9rer dans tous les domaines.<br \/>\nComment&nbsp;? Avec des produits num\u00e9riques qui vous simplifient la vie, dynamisent votre activit\u00e9 et renforcent vos superpouvoirs uniques&nbsp;:<br \/>\nvotre passion, votre d\u00e9vouement imbattable, votre amour pour votre projet, sans oublier la connexion personnelle que vous entretenez avec vos clients et ceux avec qui vous travaillez. Aucun algorithme ne saura jamais imiter ces qualit\u00e9s.<\/p>\n<p>Aujourd\u2019hui, nous soutenons d\u00e9j\u00e0 votre projet en vous offrant le meilleur cr\u00e9ateur de site web pour ind\u00e9pendants, une e-boutique au look professionnel et des outils uniques, comme le G\u00e9n\u00e9rateur de textes juridiques ou Facebook for Business.<\/p>\n<p>Mais ce n\u2019est que le d\u00e9but. Au quotidien, nous cherchons \u00e0 vous aider \u00e0 g\u00e9rer votre activit\u00e9 le plus facilement possible \u00e0 l\u2019\u00e8re du num\u00e9rique. Nous d\u00e9veloppons donc \u00e0 cet effet des outils vous offrant des analyses utiles et des fonctionnalit\u00e9s habituellement r\u00e9serv\u00e9es aux grandes entreprises.<\/p>\n<p>Parce que voil\u00e0 le c\u0153ur de notre mission&nbsp;:<\/p>\n<p><strong>Votre passion pour votre projet.<\/strong><\/p>\n<p><strong>Notre passion pour vous&nbsp;!<\/strong><\/p>\n<h2>Manifeste de l\u2019auto-entrepreneur<\/h2>\n<p>Nous aimons les personnes courageuses,<br \/>\nind\u00e9pendantes,<br \/>\nentreprenantes.<br \/>\nCelles et ceux qui tracent leur propre chemin,<br \/>\nqui prennent des risques,<br \/>\nqui ne baissent pas les bras.<br \/>\nNous aimons les gens comme vous.<\/p>\n<p>Vous avez une id\u00e9e,<br \/>\nun objectif,<br \/>\nvotre propre entreprise.<br \/>\nVous avez eu le courage<br \/>\nde partir de rien,<br \/>\nla force de tout faire<br \/>\net la fiert\u00e9 de d\u00e9fendre votre projet.<\/p>\n<p>Nous vous remarquons.<br \/>\nNous vous comprenons.<br \/>\nVous mettez tout votre c\u0153ur dans vos initiatives,<br \/>\nvous connaissez la valeur d\u2019un petit mot personnel<br \/>\net son importance pour votre client\u00e8le.<\/p>\n<p>Nous sommes conscients<br \/>\ndu poids des g\u00e9ants<br \/>\net des nombreux obstacles sur votre chemin.<\/p>\n<p>Mais vous n\u2019\u00eates pas seul(e).<br \/>\nNous sommes l\u00e0 pour vous.<br \/>\nNous sommes votre \u00e9quipe.<\/p>\n<p>Nous vous aiderons<br \/>\n\u00e0 lib\u00e9rer votre potentiel,<br \/>\n\u00e0 tracer votre chemin<br \/>\net \u00e0 atteindre vos objectifs.<\/p>\n<p>&nbsp;<\/p>","protected":false},"excerpt":{"rendered":"<p>Nous sommes votre \u00e9quipe. Vous \u00eates ind\u00e9pendant, mais pas seul pour autant. Jimdo vous accompagne \u00e0 chaque \u00e9tape. Pourquoi&nbsp;? Parce que les g\u00e9rants de petites entreprises comme vous sont nos h\u00e9ros. Et nous voulons vous aider \u00e0 lib\u00e9rer tout votre potentiel \u00e0 l\u2019\u00e8re du num\u00e9rique. Quand Julian, un chapelier de Zurich, a \u00e9t\u00e9 contraint de [&hellip;]<\/p>","protected":false},"author":2,"featured_media":0,"parent":0,"menu_order":0,"comment_status":"closed","ping_status":"closed","template":"elementor_header_footer","meta":{"footnotes":""},"class_list":["post-874","page","type-page","status-publish","hentry"],"yoast_head":"<!-- This site is optimized with the Yoast SEO plugin v27.3 - https:\/\/yoast.com\/product\/yoast-seo-wordpress\/ -->\n<title>Notre mission : Soutenir les PME et freelances | Jimdo<\/title>\n<meta name=\"description\" content=\"Les PME et freelances sont notre passion et le pilier de notre \u00e9conomie. Notre fondateur, Matthias Henze, explique pourquoi nous devons les soutenir.\" \/>\n<meta name=\"robots\" content=\"index, follow, max-snippet:-1, max-image-preview:large, max-video-preview:-1\" \/>\n<link rel=\"canonical\" href=\"https:\/\/www.jimdo.com/fr/blog\/notre-mission\/\" \/>\n<meta property=\"og:locale\" content=\"fr_FR\" \/>\n<meta property=\"og:type\" content=\"article\" \/>\n<meta property=\"og:title\" content=\"Notre mission : Soutenir les PME et freelances | Jimdo\" \/>\n<meta property=\"og:description\" content=\"Les PME et freelances sont notre passion et le pilier de notre \u00e9conomie. Notre fondateur, Matthias Henze, explique pourquoi nous devons les soutenir.\" \/>\n<meta property=\"og:url\" content=\"https:\/\/www.jimdo.com/fr/blog\/notre-mission\/\" \/>\n<meta property=\"og:site_name\" content=\"Jimdo Blog France\" \/>\n<meta property=\"article:modified_time\" content=\"2021-03-24T11:22:30+00:00\" \/>\n<meta property=\"og:image\" content=\"https:\/\/www.jimdo.com/fr/blog\/wp-content\/uploads\/2021\/03\/about_us_portrait_1.jpg\" \/>\n<meta name=\"twitter:card\" content=\"summary_large_image\" \/>\n<meta name=\"twitter:label1\" content=\"Dur\u00e9e de lecture estim\u00e9e\" \/>\n\t<meta name=\"twitter:data1\" content=\"3 minutes\" \/>\n<script type=\"application\/ld+json\" class=\"yoast-schema-graph\">{\"@context\":\"https:\\\/\\\/schema.org\",\"@graph\":[{\"@type\":\"WebPage\",\"@id\":\"https:\\\/\\\/www.jimdo.com/fr/blog\\\/notre-mission\\\/\",\"url\":\"https:\\\/\\\/www.jimdo.com/fr/blog\\\/notre-mission\\\/\",\"name\":\"Notre mission : Soutenir les PME et freelances | Jimdo\",\"isPartOf\":{\"@id\":\"https:\\\/\\\/www.jimdo.com/fr/blog\\\/#website\"},\"primaryImageOfPage\":{\"@id\":\"https:\\\/\\\/www.jimdo.com/fr/blog\\\/notre-mission\\\/#primaryimage\"},\"image\":{\"@id\":\"https:\\\/\\\/www.jimdo.com/fr/blog\\\/notre-mission\\\/#primaryimage\"},\"thumbnailUrl\":\"https:\\\/\\\/www.jimdo.com/fr/blog\\\/wp-content\\\/uploads\\\/2021\\\/03\\\/about_us_portrait_1.jpg\",\"datePublished\":\"2021-03-09T11:57:46+00:00\",\"dateModified\":\"2021-03-24T11:22:30+00:00\",\"description\":\"Les PME et freelances sont notre passion et le pilier de notre \u00e9conomie. Notre fondateur, Matthias Henze, explique pourquoi nous devons les soutenir.\",\"inLanguage\":\"fr-FR\",\"potentialAction\":[{\"@type\":\"ReadAction\",\"target\":[\"https:\\\/\\\/www.jimdo.com/fr/blog\\\/notre-mission\\\/\"]}]},{\"@type\":\"ImageObject\",\"inLanguage\":\"fr-FR\",\"@id\":\"https:\\\/\\\/www.jimdo.com/fr/blog\\\/notre-mission\\\/#primaryimage\",\"url\":\"https:\\\/\\\/i0.wp.com\\\/www.jimdo.com/fr/blog\\\/wp-content\\\/uploads\\\/2021\\\/03\\\/about_us_portrait_1.jpg?fit=600%2C800&ssl=1\",\"contentUrl\":\"https:\\\/\\\/i0.wp.com\\\/www.jimdo.com/fr/blog\\\/wp-content\\\/uploads\\\/2021\\\/03\\\/about_us_portrait_1.jpg?fit=600%2C800&ssl=1\",\"width\":600,\"height\":800},{\"@type\":\"WebSite\",\"@id\":\"https:\\\/\\\/www.jimdo.com/fr/blog\\\/#website\",\"url\":\"https:\\\/\\\/www.jimdo.com/fr/blog\\\/\",\"name\":\"Jimdo Blog France\",\"description\":\"Jimdo Blog France\",\"publisher\":{\"@id\":\"https:\\\/\\\/www.jimdo.com/fr/blog\\\/#organization\"},\"potentialAction\":[{\"@type\":\"SearchAction\",\"target\":{\"@type\":\"EntryPoint\",\"urlTemplate\":\"https:\\\/\\\/www.jimdo.com/fr/blog\\\/?s={search_term_string}\"},\"query-input\":{\"@type\":\"PropertyValueSpecification\",\"valueRequired\":true,\"valueName\":\"search_term_string\"}}],\"inLanguage\":\"fr-FR\"},{\"@type\":\"Organization\",\"@id\":\"https:\\\/\\\/www.jimdo.com/fr/blog\\\/#organization\",\"name\":\"Jimdo Blog France\",\"url\":\"https:\\\/\\\/www.jimdo.com/fr/blog\\\/\",\"logo\":{\"@type\":\"ImageObject\",\"inLanguage\":\"fr-FR\",\"@id\":\"https:\\\/\\\/www.jimdo.com/fr/blog\\\/#\\\/schema\\\/logo\\\/image\\\/\",\"url\":\"https:\\\/\\\/i0.wp.com\\\/www.jimdo.com/fr/blog\\\/wp-content\\\/uploads\\\/2021\\\/03\\\/Jimdo-Logo%402x.png?fit=200%2C75&ssl=1\",\"contentUrl\":\"https:\\\/\\\/i0.wp.com\\\/www.jimdo.com/fr/blog\\\/wp-content\\\/uploads\\\/2021\\\/03\\\/Jimdo-Logo%402x.png?fit=200%2C75&ssl=1\",\"width\":200,\"height\":75,\"caption\":\"Jimdo Blog France\"},\"image\":{\"@id\":\"https:\\\/\\\/www.jimdo.com/fr/blog\\\/#\\\/schema\\\/logo\\\/image\\\/\"}}]}<\/script>\n<!-- \/ Yoast SEO plugin. -->","yoast_head_json":{"title":"Notre mission : Soutenir les PME et freelances | Jimdo","description":"Les PME et freelances sont notre passion et le pilier de notre \u00e9conomie. Notre fondateur, Matthias Henze, explique pourquoi nous devons les soutenir.","robots":{"index":"index","follow":"follow","max-snippet":"max-snippet:-1","max-image-preview":"max-image-preview:large","max-video-preview":"max-video-preview:-1"},"canonical":"https:\/\/www.jimdo.com/fr/blog\/notre-mission\/","og_locale":"fr_FR","og_type":"article","og_title":"Notre mission : Soutenir les PME et freelances | Jimdo","og_description":"Les PME et freelances sont notre passion et le pilier de notre \u00e9conomie. Notre fondateur, Matthias Henze, explique pourquoi nous devons les soutenir.","og_url":"https:\/\/www.jimdo.com/fr/blog\/notre-mission\/","og_site_name":"Jimdo Blog France","article_modified_time":"2021-03-24T11:22:30+00:00","og_image":[{"url":"https:\/\/www.jimdo.com/fr/blog\/wp-content\/uploads\/2021\/03\/about_us_portrait_1.jpg","type":"","width":"","height":""}],"twitter_card":"summary_large_image","twitter_misc":{"Dur\u00e9e de lecture estim\u00e9e":"3 minutes"},"schema":{"@context":"https:\/\/schema.org","@graph":[{"@type":"WebPage","@id":"https:\/\/www.jimdo.com/fr/blog\/notre-mission\/","url":"https:\/\/www.jimdo.com/fr/blog\/notre-mission\/","name":"Notre mission : Soutenir les PME et freelances | Jimdo","isPartOf":{"@id":"https:\/\/www.jimdo.com/fr/blog\/#website"},"primaryImageOfPage":{"@id":"https:\/\/www.jimdo.com/fr/blog\/notre-mission\/#primaryimage"},"image":{"@id":"https:\/\/www.jimdo.com/fr/blog\/notre-mission\/#primaryimage"},"thumbnailUrl":"https:\/\/www.jimdo.com/fr/blog\/wp-content\/uploads\/2021\/03\/about_us_portrait_1.jpg","datePublished":"2021-03-09T11:57:46+00:00","dateModified":"2021-03-24T11:22:30+00:00","description":"Les PME et freelances sont notre passion et le pilier de notre \u00e9conomie. Notre fondateur, Matthias Henze, explique pourquoi nous devons les soutenir.","inLanguage":"fr-FR","potentialAction":[{"@type":"ReadAction","target":["https:\/\/www.jimdo.com/fr/blog\/notre-mission\/"]}]},{"@type":"ImageObject","inLanguage":"fr-FR","@id":"https:\/\/www.jimdo.com/fr/blog\/notre-mission\/#primaryimage","url":"https:\/\/i0.wp.com\/www.jimdo.com/fr/blog\/wp-content\/uploads\/2021\/03\/about_us_portrait_1.jpg?fit=600%2C800&ssl=1","contentUrl":"https:\/\/i0.wp.com\/www.jimdo.com/fr/blog\/wp-content\/uploads\/2021\/03\/about_us_portrait_1.jpg?fit=600%2C800&ssl=1","width":600,"height":800},{"@type":"WebSite","@id":"https:\/\/www.jimdo.com/fr/blog\/#website","url":"https:\/\/www.jimdo.com/fr/blog\/","name":"Jimdo Blog France","description":"Jimdo Blog France","publisher":{"@id":"https:\/\/www.jimdo.com/fr/blog\/#organization"},"potentialAction":[{"@type":"SearchAction","target":{"@type":"EntryPoint","urlTemplate":"https:\/\/www.jimdo.com/fr/blog\/?s={search_term_string}"},"query-input":{"@type":"PropertyValueSpecification","valueRequired":true,"valueName":"search_term_string"}}],"inLanguage":"fr-FR"},{"@type":"Organization","@id":"https:\/\/www.jimdo.com/fr/blog\/#organization","name":"Jimdo Blog France","url":"https:\/\/www.jimdo.com/fr/blog\/","logo":{"@type":"ImageObject","inLanguage":"fr-FR","@id":"https:\/\/www.jimdo.com/fr/blog\/#\/schema\/logo\/image\/","url":"https:\/\/i0.wp.com\/www.jimdo.com/fr/blog\/wp-content\/uploads\/2021\/03\/Jimdo-Logo%402x.png?fit=200%2C75&ssl=1","contentUrl":"https:\/\/i0.wp.com\/www.jimdo.com/fr/blog\/wp-content\/uploads\/2021\/03\/Jimdo-Logo%402x.png?fit=200%2C75&ssl=1","width":200,"height":75,"caption":"Jimdo Blog France"},"image":{"@id":"https:\/\/www.jimdo.com/fr/blog\/#\/schema\/logo\/image\/"}}]}},"jetpack_sharing_enabled":true,"jetpack-related-posts":[],"_links":{"self":[{"href":"https:\/\/www.jimdo.com/fr/blog\/wp-json\/wp\/v2\/pages\/874","targetHints":{"allow":["GET"]}}],"collection":[{"href":"https:\/\/www.jimdo.com/fr/blog\/wp-json\/wp\/v2\/pages"}],"about":[{"href":"https:\/\/www.jimdo.com/fr/blog\/wp-json\/wp\/v2\/types\/page"}],"author":[{"embeddable":true,"href":"https:\/\/www.jimdo.com/fr/blog\/wp-json\/wp\/v2\/users\/2"}],"replies":[{"embeddable":true,"href":"https:\/\/www.jimdo.com/fr/blog\/wp-json\/wp\/v2\/comments?post=874"}],"version-history":[{"count":0,"href":"https:\/\/www.jimdo.com/fr/blog\/wp-json\/wp\/v2\/pages\/874\/revisions"}],"wp:attachment":[{"href":"https:\/\/www.jimdo.com/fr/blog\/wp-json\/wp\/v2\/media?parent=874"}],"curies":[{"name":"wp","href":"https:\/\/api.w.org\/{rel}","templated":true}]}}