{"id":620,"date":"2021-03-09T12:59:06","date_gmt":"2021-03-09T11:59:06","guid":{"rendered":"https:\/\/www.jimdo.com/it/blog\/?page_id=620"},"modified":"2023-07-24T17:16:50","modified_gmt":"2023-07-24T15:16:50","slug":"la-nostra-missione","status":"publish","type":"page","link":"https:\/\/www.jimdo.com/it/blog\/la-nostra-missione\/","title":{"rendered":"La nostra missione"},"content":{"rendered":"<p><strong>La nostra  missione:<\/strong><\/p>\n<h1>Aiutiamo le imprese ad avere successo liberando il loro potenziale digitale<\/h1>\n<p>Il lavoro indipendente non deve essere per forza solitario: Jimdo vuole supportarti passo dopo passo. Perch\u00e9? Le piccole imprese e le attivit\u00e0 freelance, come la tua, hanno tutta la nostra ammirazione. Vogliamo aiutarti a liberare il tuo potenziale nel mondo digitale.<\/p>\n<p>&nbsp;<\/p>\n<p>Quando Julian, cappellaio di Zurigo, ha dovuto chiudere il suo negozio a causa del coronavirus e la sua prima preoccupazione \u00e8 stata quella di come i suoi collaboratori e collaboratrici sarebbero andati avanti durante la pandemia,<\/p>\n<p>quando Claas, carpentiere di Brema, ha avuto l\u2019originale idea di mostrare dal vivo alla sua clientela come crea i loro mobili unici,<\/p>\n<p>quando Jennifer, istruttrice di fitness, ha organizzato in 24 ore delle lezioni online personalizzate per giovani mamme,<\/p>\n<p>il nostro cuore si \u00e8 riempito di orgoglio.<\/p>\n<p>Perch\u00e9 lavoriamo ogni giorno per freelance, imprenditori e imprenditrici come Julian, Claas e Jennifer.<\/p>\n<figure>\n\t\t\t\t\t\t\t\t\t\t<img data-recalc-dims=\"1\" decoding=\"async\" width=\"600\" height=\"800\" src=\"https:\/\/i0.wp.com\/www.jimdo.com/it/blog\/wp-content\/uploads\/2021\/03\/about_us_portrait_1.jpg?resize=600%2C800&#038;ssl=1\" alt=\"\" loading=\"lazy\" \/><figcaption>Julian, <a target=\"_blank\" href=\"https:\/\/www.stroh-art.ch\" rel=\"noopener\">stroh-art.ch<\/a><\/figcaption><\/figure>\n<figure>\n\t\t\t\t\t\t\t\t\t\t<img data-recalc-dims=\"1\" decoding=\"async\" width=\"600\" height=\"800\" src=\"https:\/\/i0.wp.com\/www.jimdo.com/it/blog\/wp-content\/uploads\/2021\/03\/about_us_portrait_2.jpg?resize=600%2C800&#038;ssl=1\" alt=\"\" loading=\"lazy\" \/><figcaption>Claas, <a target=\"_blank\" href=\"https:\/\/www.wood-you-love.de\" rel=\"noopener\">wood-you-love.de<\/a><\/figcaption><\/figure>\n<figure>\n\t\t\t\t\t\t\t\t\t\t<img data-recalc-dims=\"1\" decoding=\"async\" width=\"600\" height=\"800\" src=\"https:\/\/i0.wp.com\/www.jimdo.com/it/blog\/wp-content\/uploads\/2021\/03\/about_us_portrait_3.jpg?resize=600%2C800&#038;ssl=1\" alt=\"\" loading=\"lazy\" \/><figcaption>Jennifer, <a target=\"_blank\" href=\"https:\/\/www.womenletics.de\" rel=\"noopener\">womenletics.de<\/a><\/figcaption><\/figure>\n<p>Questa \u00e8 Jimdo.&nbsp;<br \/>Pensiamo che le piccole imprese e le persone che hanno un lavoro indipendente, come te, siano la colonna portante della nostra economia.<br \/>Tu ravvivi le strade, i quartieri e le citt\u00e0,&nbsp;<br \/>pensi e fai impresa a livello locale,&nbsp;<br \/>agisci sulla base di valori diversi rispetto a quelli delle grandi aziende di oggi:&nbsp;<br \/>umanit\u00e0, senso di responsabilit\u00e0 e la capacit\u00e0 di guardare oltre il mero margine di profitto.&nbsp;<\/p>\n<p>E noi?&nbsp;<br \/>Vogliamo fare di tutto per consolidare i tuoi punti di forza e per aiutarti a eccellere in tutte le aree del tuo business.<br \/>Lo faremo attraverso prodotti digitali che faciliteranno il tuo lavoro d\u2019ufficio, potenzieranno la tua attivit\u00e0 e rafforzeranno i tuoi poteri ineguagliabili:&nbsp;<br \/>Il tuo cuore e la tua anima, questo misto inarrestabile di passione e profondo amore per quello che fai, il tuo legame personale con i\/le clienti e le persone con cui lavori: un legame che nessun algoritmo potr\u00e0 mai riprodurre.&nbsp;<\/p>\n<p>Ad oggi abbiamo gi\u00e0 messo a tua disposizione la migliore piattaforma per la creazione di siti web e shop online professionali e strumenti unici, come il Generatore di testi legali e Facebook for Business.&nbsp;<\/p>\n<p>Questo \u00e8 solo l\u2019inizio. Continueremo a lavorare ogni giorno per facilitarti il compito di portare online la tua attivit\u00e0. Svilupperemo strumenti che ti daranno accesso a una conoscenza e a delle soluzioni altrimenti disponibili solo per aziende pi\u00f9 grandi.&nbsp;<\/p>\n<p>Perch\u00e9 proprio di questo si tratta:&nbsp;<\/p>\n<p><strong>La tua passione per la tua attivit\u00e0,&nbsp;<br \/><\/strong><strong>la nostra passione per te!&nbsp;<\/strong><\/p>\n<h2>Manifesto per l\u2019imprenditoria<\/h2>\n<p>Amiamo le persone coraggiose,<br \/>indipendenti,<br \/>dinamiche.<br \/>Persone che tracciano il proprio percorso,<br \/>colgono le opportunit\u00e0,<br \/>ci provano ancora e ancora.<br \/>Persone come te.<\/p>\n<p>Tu hai un\u2019idea, <br \/>un obiettivo: <br \/>la tua attivit\u00e0.<br \/>Hai il coraggio<br \/>di partire da zero,<br \/>la forza di occuparti di tutto,<br \/>l\u2019orgoglio di metterci la faccia.<\/p>\n<p>Noi ti capiamo.<br \/>Sappiamo cosa significa<br \/>mettere cuore e anima in ogni azione.<br \/>Sappiamo che l\u2019umanit\u00e0 racchiusa in poche parole <br \/>vale per te quanto il successo economico.<\/p>\n<p>E conosciamo<br \/>lo strapotere delle grandi aziende<br \/>e gli ostacoli che devi affrontare ogni giorno.<\/p>\n<p>Da ora non pi\u00f9 in solitudine. <br \/>Siamo qui con te.<br \/>Siamo il tuo team.<\/p>\n<p>Ti aiuteremo<br \/>a liberare il tuo potenziale, <br \/>a percorrere il tuo cammino<br \/>e a raggiungere la tua meta.<\/p>\n<p>&nbsp;<\/p>\n","protected":false},"excerpt":{"rendered":"<p>La nostra missione: Aiutiamo le imprese ad avere successo liberando il loro potenziale digitale Il lavoro indipendente non deve essere per forza solitario: Jimdo vuole supportarti passo dopo passo. Perch\u00e9? Le piccole imprese e le attivit\u00e0 freelance, come la tua, hanno tutta la nostra ammirazione. Vogliamo aiutarti a liberare il tuo potenziale nel mondo digitale. [&hellip;]<\/p>\n","protected":false},"author":2,"featured_media":0,"parent":0,"menu_order":0,"comment_status":"closed","ping_status":"closed","template":"elementor_header_footer","meta":{"footnotes":""},"class_list":["post-620","page","type-page","status-publish","hentry"],"yoast_head":"<!-- This site is optimized with the Yoast SEO plugin v27.4 - https:\/\/yoast.com\/product\/yoast-seo-wordpress\/ -->\n<title>La nostra missione: supportare PMI e freelance | Jimdo<\/title>\n<meta name=\"description\" content=\"Crediamo nelle PMI e nei freelance, sono il fulcro della nostra economia. Il fondatore di Jimdo, Matthias Henze, spiega perch\u00e9 meritano il nostro supporto.\" \/>\n<meta name=\"robots\" content=\"index, follow, max-snippet:-1, max-image-preview:large, max-video-preview:-1\" \/>\n<link rel=\"canonical\" href=\"https:\/\/www.jimdo.com/it/blog\/la-nostra-missione\/\" \/>\n<meta property=\"og:locale\" content=\"it_IT\" \/>\n<meta property=\"og:type\" content=\"article\" \/>\n<meta property=\"og:title\" content=\"La nostra missione: supportare PMI e freelance | Jimdo\" \/>\n<meta property=\"og:description\" content=\"Crediamo nelle PMI e nei freelance, sono il fulcro della nostra economia. Il fondatore di Jimdo, Matthias Henze, spiega perch\u00e9 meritano il nostro supporto.\" \/>\n<meta property=\"og:url\" content=\"https:\/\/www.jimdo.com/it/blog\/la-nostra-missione\/\" \/>\n<meta property=\"og:site_name\" content=\"Jimdo Blog\" \/>\n<meta property=\"article:publisher\" content=\"https:\/\/www.facebook.com\/Jimdo.Italia\/\" \/>\n<meta property=\"article:modified_time\" content=\"2023-07-24T15:16:50+00:00\" \/>\n<meta property=\"og:image\" content=\"https:\/\/www.jimdo.com/it/blog\/wp-content\/uploads\/2021\/03\/about_us_portrait_1.jpg\" \/>\n<meta name=\"twitter:card\" content=\"summary_large_image\" \/>\n<meta name=\"twitter:site\" content=\"@Jimdo_Italia\" \/>\n<meta name=\"twitter:label1\" content=\"Tempo di lettura stimato\" \/>\n\t<meta name=\"twitter:data1\" content=\"4 minuti\" \/>\n<script type=\"application\/ld+json\" class=\"yoast-schema-graph\">{\"@context\":\"https:\\\/\\\/schema.org\",\"@graph\":[{\"@type\":\"WebPage\",\"@id\":\"https:\\\/\\\/www.jimdo.com/it/blog\\\/la-nostra-missione\\\/\",\"url\":\"https:\\\/\\\/www.jimdo.com/it/blog\\\/la-nostra-missione\\\/\",\"name\":\"La nostra missione: supportare PMI e freelance | Jimdo\",\"isPartOf\":{\"@id\":\"https:\\\/\\\/www.jimdo.com/it/blog\\\/#website\"},\"primaryImageOfPage\":{\"@id\":\"https:\\\/\\\/www.jimdo.com/it/blog\\\/la-nostra-missione\\\/#primaryimage\"},\"image\":{\"@id\":\"https:\\\/\\\/www.jimdo.com/it/blog\\\/la-nostra-missione\\\/#primaryimage\"},\"thumbnailUrl\":\"https:\\\/\\\/www.jimdo.com/it/blog\\\/wp-content\\\/uploads\\\/2021\\\/03\\\/about_us_portrait_1.jpg\",\"datePublished\":\"2021-03-09T11:59:06+00:00\",\"dateModified\":\"2023-07-24T15:16:50+00:00\",\"description\":\"Crediamo nelle PMI e nei freelance, sono il fulcro della nostra economia. Il fondatore di Jimdo, Matthias Henze, spiega perch\u00e9 meritano il nostro supporto.\",\"inLanguage\":\"it-IT\",\"potentialAction\":[{\"@type\":\"ReadAction\",\"target\":[\"https:\\\/\\\/www.jimdo.com/it/blog\\\/la-nostra-missione\\\/\"]}]},{\"@type\":\"ImageObject\",\"inLanguage\":\"it-IT\",\"@id\":\"https:\\\/\\\/www.jimdo.com/it/blog\\\/la-nostra-missione\\\/#primaryimage\",\"url\":\"https:\\\/\\\/i0.wp.com\\\/www.jimdo.com/it/blog\\\/wp-content\\\/uploads\\\/2021\\\/03\\\/about_us_portrait_1.jpg?fit=600%2C800&ssl=1\",\"contentUrl\":\"https:\\\/\\\/i0.wp.com\\\/www.jimdo.com/it/blog\\\/wp-content\\\/uploads\\\/2021\\\/03\\\/about_us_portrait_1.jpg?fit=600%2C800&ssl=1\",\"width\":600,\"height\":800},{\"@type\":\"WebSite\",\"@id\":\"https:\\\/\\\/www.jimdo.com/it/blog\\\/#website\",\"url\":\"https:\\\/\\\/www.jimdo.com/it/blog\\\/\",\"name\":\"Jimdo Blog Italy\",\"description\":\"Consigli di marketing e web per piccole imprese e freelance\",\"publisher\":{\"@id\":\"https:\\\/\\\/www.jimdo.com/it/blog\\\/#organization\"},\"potentialAction\":[{\"@type\":\"SearchAction\",\"target\":{\"@type\":\"EntryPoint\",\"urlTemplate\":\"https:\\\/\\\/www.jimdo.com/it/blog\\\/?s={search_term_string}\"},\"query-input\":{\"@type\":\"PropertyValueSpecification\",\"valueRequired\":true,\"valueName\":\"search_term_string\"}}],\"inLanguage\":\"it-IT\"},{\"@type\":\"Organization\",\"@id\":\"https:\\\/\\\/www.jimdo.com/it/blog\\\/#organization\",\"name\":\"Jimdo GmbH\",\"url\":\"https:\\\/\\\/www.jimdo.com/it/blog\\\/\",\"logo\":{\"@type\":\"ImageObject\",\"inLanguage\":\"it-IT\",\"@id\":\"https:\\\/\\\/www.jimdo.com/it/blog\\\/#\\\/schema\\\/logo\\\/image\\\/\",\"url\":\"https:\\\/\\\/www.jimdo.com/it/blog\\\/wp-content\\\/uploads\\\/2021\\\/03\\\/Jimdo-Logo@2x.png\",\"contentUrl\":\"https:\\\/\\\/www.jimdo.com/it/blog\\\/wp-content\\\/uploads\\\/2021\\\/03\\\/Jimdo-Logo@2x.png\",\"width\":200,\"height\":75,\"caption\":\"Jimdo GmbH\"},\"image\":{\"@id\":\"https:\\\/\\\/www.jimdo.com/it/blog\\\/#\\\/schema\\\/logo\\\/image\\\/\"},\"sameAs\":[\"https:\\\/\\\/www.facebook.com\\\/Jimdo.Italia\\\/\",\"https:\\\/\\\/x.com\\\/Jimdo_Italia\"]}]}<\/script>\n<!-- \/ Yoast SEO plugin. -->","yoast_head_json":{"title":"La nostra missione: supportare PMI e freelance | Jimdo","description":"Crediamo nelle PMI e nei freelance, sono il fulcro della nostra economia. Il fondatore di Jimdo, Matthias Henze, spiega perch\u00e9 meritano il nostro supporto.","robots":{"index":"index","follow":"follow","max-snippet":"max-snippet:-1","max-image-preview":"max-image-preview:large","max-video-preview":"max-video-preview:-1"},"canonical":"https:\/\/www.jimdo.com/it/blog\/la-nostra-missione\/","og_locale":"it_IT","og_type":"article","og_title":"La nostra missione: supportare PMI e freelance | Jimdo","og_description":"Crediamo nelle PMI e nei freelance, sono il fulcro della nostra economia. Il fondatore di Jimdo, Matthias Henze, spiega perch\u00e9 meritano il nostro supporto.","og_url":"https:\/\/www.jimdo.com/it/blog\/la-nostra-missione\/","og_site_name":"Jimdo Blog","article_publisher":"https:\/\/www.facebook.com\/Jimdo.Italia\/","article_modified_time":"2023-07-24T15:16:50+00:00","og_image":[{"url":"https:\/\/www.jimdo.com/it/blog\/wp-content\/uploads\/2021\/03\/about_us_portrait_1.jpg","type":"","width":"","height":""}],"twitter_card":"summary_large_image","twitter_site":"@Jimdo_Italia","twitter_misc":{"Tempo di lettura stimato":"4 minuti"},"schema":{"@context":"https:\/\/schema.org","@graph":[{"@type":"WebPage","@id":"https:\/\/www.jimdo.com/it/blog\/la-nostra-missione\/","url":"https:\/\/www.jimdo.com/it/blog\/la-nostra-missione\/","name":"La nostra missione: supportare PMI e freelance | Jimdo","isPartOf":{"@id":"https:\/\/www.jimdo.com/it/blog\/#website"},"primaryImageOfPage":{"@id":"https:\/\/www.jimdo.com/it/blog\/la-nostra-missione\/#primaryimage"},"image":{"@id":"https:\/\/www.jimdo.com/it/blog\/la-nostra-missione\/#primaryimage"},"thumbnailUrl":"https:\/\/www.jimdo.com/it/blog\/wp-content\/uploads\/2021\/03\/about_us_portrait_1.jpg","datePublished":"2021-03-09T11:59:06+00:00","dateModified":"2023-07-24T15:16:50+00:00","description":"Crediamo nelle PMI e nei freelance, sono il fulcro della nostra economia. Il fondatore di Jimdo, Matthias Henze, spiega perch\u00e9 meritano il nostro supporto.","inLanguage":"it-IT","potentialAction":[{"@type":"ReadAction","target":["https:\/\/www.jimdo.com/it/blog\/la-nostra-missione\/"]}]},{"@type":"ImageObject","inLanguage":"it-IT","@id":"https:\/\/www.jimdo.com/it/blog\/la-nostra-missione\/#primaryimage","url":"https:\/\/i0.wp.com\/www.jimdo.com/it/blog\/wp-content\/uploads\/2021\/03\/about_us_portrait_1.jpg?fit=600%2C800&ssl=1","contentUrl":"https:\/\/i0.wp.com\/www.jimdo.com/it/blog\/wp-content\/uploads\/2021\/03\/about_us_portrait_1.jpg?fit=600%2C800&ssl=1","width":600,"height":800},{"@type":"WebSite","@id":"https:\/\/www.jimdo.com/it/blog\/#website","url":"https:\/\/www.jimdo.com/it/blog\/","name":"Jimdo Blog Italy","description":"Consigli di marketing e web per piccole imprese e freelance","publisher":{"@id":"https:\/\/www.jimdo.com/it/blog\/#organization"},"potentialAction":[{"@type":"SearchAction","target":{"@type":"EntryPoint","urlTemplate":"https:\/\/www.jimdo.com/it/blog\/?s={search_term_string}"},"query-input":{"@type":"PropertyValueSpecification","valueRequired":true,"valueName":"search_term_string"}}],"inLanguage":"it-IT"},{"@type":"Organization","@id":"https:\/\/www.jimdo.com/it/blog\/#organization","name":"Jimdo GmbH","url":"https:\/\/www.jimdo.com/it/blog\/","logo":{"@type":"ImageObject","inLanguage":"it-IT","@id":"https:\/\/www.jimdo.com/it/blog\/#\/schema\/logo\/image\/","url":"https:\/\/www.jimdo.com/it/blog\/wp-content\/uploads\/2021\/03\/Jimdo-Logo@2x.png","contentUrl":"https:\/\/www.jimdo.com/it/blog\/wp-content\/uploads\/2021\/03\/Jimdo-Logo@2x.png","width":200,"height":75,"caption":"Jimdo GmbH"},"image":{"@id":"https:\/\/www.jimdo.com/it/blog\/#\/schema\/logo\/image\/"},"sameAs":["https:\/\/www.facebook.com\/Jimdo.Italia\/","https:\/\/x.com\/Jimdo_Italia"]}]}},"jetpack_sharing_enabled":true,"jetpack-related-posts":[],"_links":{"self":[{"href":"https:\/\/www.jimdo.com/it/blog\/wp-json\/wp\/v2\/pages\/620","targetHints":{"allow":["GET"]}}],"collection":[{"href":"https:\/\/www.jimdo.com/it/blog\/wp-json\/wp\/v2\/pages"}],"about":[{"href":"https:\/\/www.jimdo.com/it/blog\/wp-json\/wp\/v2\/types\/page"}],"author":[{"embeddable":true,"href":"https:\/\/www.jimdo.com/it/blog\/wp-json\/wp\/v2\/users\/2"}],"replies":[{"embeddable":true,"href":"https:\/\/www.jimdo.com/it/blog\/wp-json\/wp\/v2\/comments?post=620"}],"version-history":[{"count":0,"href":"https:\/\/www.jimdo.com/it/blog\/wp-json\/wp\/v2\/pages\/620\/revisions"}],"wp:attachment":[{"href":"https:\/\/www.jimdo.com/it/blog\/wp-json\/wp\/v2\/media?parent=620"}],"curies":[{"name":"wp","href":"https:\/\/api.w.org\/{rel}","templated":true}]}}